{"id":1093,"date":"2021-02-11T22:26:17","date_gmt":"2021-02-11T21:26:17","guid":{"rendered":"http:\/\/poco.com.pl\/?page_id=1093"},"modified":"2025-05-20T10:29:08","modified_gmt":"2025-05-20T08:29:08","slug":"technikalia","status":"publish","type":"page","link":"https:\/\/poco.com.pl\/?page_id=1093","title":{"rendered":"US\u0141UGA"},"content":{"rendered":"<h1><span style=\"color: #003366;\"><strong>GDY NIE STYKA <\/strong><\/span><\/h1>\n<hr \/>\n<h2><span style=\"color: #003366;\"><strong>DIAGNOSTYKA <a href=\"https:\/\/poco.com.pl\/wp-content\/uploads\/2025\/05\/kkk.jpg\"><img decoding=\"async\" loading=\"lazy\" class=\" wp-image-1565 alignright\" src=\"https:\/\/poco.com.pl\/wp-content\/uploads\/2025\/05\/kkk.jpg\" alt=\"\" width=\"470\" height=\"473\" srcset=\"https:\/\/poco.com.pl\/wp-content\/uploads\/2025\/05\/kkk.jpg 1148w, https:\/\/poco.com.pl\/wp-content\/uploads\/2025\/05\/kkk-298x300.jpg 298w, https:\/\/poco.com.pl\/wp-content\/uploads\/2025\/05\/kkk-1018x1024.jpg 1018w, https:\/\/poco.com.pl\/wp-content\/uploads\/2025\/05\/kkk-150x150.jpg 150w, https:\/\/poco.com.pl\/wp-content\/uploads\/2025\/05\/kkk-768x773.jpg 768w, https:\/\/poco.com.pl\/wp-content\/uploads\/2025\/05\/kkk-66x66.jpg 66w\" sizes=\"(max-width: 470px) 100vw, 470px\" \/><\/a><\/strong><\/span><\/h2>\n<p><span style=\"color: #003366;\"><strong>90-MINUTOWA konsultacja ONLINE lub face to face:<\/strong><\/span><\/p>\n<p><span style=\"color: #003366;\">feedback i om\u00f3wienie wyniku raportu, kt\u00f3ry otrzymujesz po wcze\u015bniejszym wykonaniu testu w ramach badania metod\u0105 <strong>DISC D3*<\/strong><\/span><\/p>\n<p><span style=\"color: #003366;\"><strong>CENA konsultacji: od 900 PLN<\/strong> (cena zawiera test metod\u0105 DISC D3, pisemny raport generowany po jego wykonaniu, materia\u0142y autorskie. <\/span><\/p>\n<p><span style=\"color: #003366;\">lub <strong>od 500 PLN<\/strong>, je\u017celi wykona\u0142e\u015b test wcze\u015bniej i posiadasz raport.<\/span><\/p>\n<p><span style=\"color: #003366;\"><strong>CEL:\u00a0 <\/strong><\/span><\/p>\n<ul>\n<li><span style=\"color: #003366;\">wgl\u0105d w Tw\u00f3j naturalny styl zachowania, komunikacji, interakcji, motywacji.<\/span><\/li>\n<li><span style=\"color: #003366;\">przekazanie Ci u\u017cytecznych narz\u0119dzi pozwalaj\u0105cych zmienia\u0107 nawyki komunikacyjne na bardziej s\u0142u\u017c\u0105ce ci strategie.<\/span><\/li>\n<li><span style=\"color: #003366;\">informacja o r\u00f3\u017cnicach w tym jak postrzegasz siebie, a co widz\u0105 inni, korzy\u015bciach, kosztach i wyzwaniach z tego wynikaj\u0105cych.<\/span><\/li>\n<li><span style=\"color: #003366;\">czytelne zdefiniowanie zar\u00f3wno Twoich mocnych strony i\u00a0 predyspozycji zawodowych wynikaj\u0105cych z Twojego naturalnego potencja\u0142u,\u00a0 jak i obszar\u00f3w deficytowych wymagaj\u0105cych wsparcia i uwa\u017cno\u015bci.<\/span><\/li>\n<\/ul>\n<h2><\/h2>\n<hr \/>\n<h2><span style=\"color: #003366;\"><strong>GIMNASTYKA <a href=\"https:\/\/poco.com.pl\/wp-content\/uploads\/2025\/05\/fire-and-water-2354583_1920.jpg\"><img decoding=\"async\" loading=\"lazy\" class=\" wp-image-1603 alignright\" src=\"https:\/\/poco.com.pl\/wp-content\/uploads\/2025\/05\/fire-and-water-2354583_1920.jpg\" alt=\"\" width=\"770\" height=\"420\" srcset=\"https:\/\/poco.com.pl\/wp-content\/uploads\/2025\/05\/fire-and-water-2354583_1920.jpg 1920w, https:\/\/poco.com.pl\/wp-content\/uploads\/2025\/05\/fire-and-water-2354583_1920-300x164.jpg 300w, https:\/\/poco.com.pl\/wp-content\/uploads\/2025\/05\/fire-and-water-2354583_1920-1024x558.jpg 1024w, https:\/\/poco.com.pl\/wp-content\/uploads\/2025\/05\/fire-and-water-2354583_1920-768x419.jpg 768w, https:\/\/poco.com.pl\/wp-content\/uploads\/2025\/05\/fire-and-water-2354583_1920-1536x838.jpg 1536w\" sizes=\"(max-width: 770px) 100vw, 770px\" \/><\/a><\/strong><\/span><\/h2>\n<p><span style=\"color: #003366;\"><strong>60-MINUTOWA sesja coachingowo- mentoringowa ONLINE lub face to face:<\/strong><\/span><\/p>\n<p><span style=\"color: #003366;\">wgl\u0105d w problem z kt\u00f3rym si\u0119 mierzysz<br \/>\n<\/span><\/p>\n<p><span style=\"color: #003366;\"><strong>CENA: od 300 PLN<\/strong><\/span><\/p>\n<p><span style=\"color: #003366;\"><strong>CEL:<\/strong><\/span><\/p>\n<ul>\n<li><span style=\"color: #003366;\">zwi\u0119kszenie samo\u015bwiadomo\u015bci i kontroli nad swoim umys\u0142em, cia\u0142em i energiami \u017cyciowymi.<\/span><\/li>\n<li><span style=\"color: #003366;\">przekazanie Ci wiedzy i narz\u0119dzi pozwalaj\u0105cych na odblokowanie ograniczaj\u0105cych przekona\u0144 wstrzymuj\u0105cych przed pod\u0105\u017caniem za przeznaczeniem w zgodzie z tym z czym rezonujesz.<\/span><\/li>\n<\/ul>\n<hr \/>\n<p><span style=\"color: #003366;\"><strong>*DISC D3<a href=\"https:\/\/poco.com.pl\/wp-content\/uploads\/2024\/12\/Obraz1.png\"><img decoding=\"async\" loading=\"lazy\" class=\"alignnone wp-image-1477\" src=\"https:\/\/poco.com.pl\/wp-content\/uploads\/2024\/12\/Obraz1.png\" alt=\"\" width=\"873\" height=\"814\" srcset=\"https:\/\/poco.com.pl\/wp-content\/uploads\/2024\/12\/Obraz1.png 1195w, https:\/\/poco.com.pl\/wp-content\/uploads\/2024\/12\/Obraz1-300x280.png 300w, https:\/\/poco.com.pl\/wp-content\/uploads\/2024\/12\/Obraz1-1024x955.png 1024w, https:\/\/poco.com.pl\/wp-content\/uploads\/2024\/12\/Obraz1-768x716.png 768w\" sizes=\"(max-width: 873px) 100vw, 873px\" \/><\/a><\/strong><\/span><\/p>\n<p><span style=\"color: #003366;\"><strong>Miar\u0105 prawdy jest skuteczno\u015b\u0107. <\/strong>Bezcelowe s\u0105 zabiegi o dobre plony, gdy ziarno \u017ale zasiano, st\u0105d jako<strong> konsultant PeopleKeys Asessment \u00ae <\/strong>jako narz\u0119dzie diagnostyczne<strong> wykorzystuj\u0119<\/strong><strong> stworzone <\/strong>dla potrzeb biznesu badanie <strong>DISC D3 <\/strong>&#8211; niezwykle efektywne narz\u0119dzie, kt\u00f3re merytorycznie zaraportuje prawd\u0119 o tym kim i jaki\u00a0 jeste\u015b. <\/span><\/p>\n<p><span style=\"color: #003366;\">Bez ryzyka etykietowania i autosugestii badanie pozwala ustali\u0107 precyzyjnie i celnie punkt START, co skraca proces, przez co oszcz\u0119dza pieni\u0105dze, czas, wysi\u0142ki i\u00a0 zwi\u0119ksza prawdopodobie\u0144stwo, \u017ce nasza wsp\u00f3\u0142praca zako\u0144czy si\u0119 sukcesem.<\/span><\/p>\n<p><span style=\"color: #003366;\"><strong>DISC D3 <\/strong>jest pot\u0119\u017cnym narz\u0119dziem zaprojektowanym w celu zrozumienia mechanizm\u00f3w komunikacji i relacji mi\u0119dzyludzkich. Zakorzeniony w obszernych badaniach i praktycznych zastosowaniach, oferuje proste i czytelne ramy dla rozwoju osobistego i zawodowego. Jest to prawdopodobnie najbardziej czu\u0142e narz\u0119dzie diagnozy kompetencji interpersonalnych na \u015bwiecie, poniewa\u017c <strong>\u0142\u0105czy w sobie 4 analizy na p\u0142aszczy\u017anie stylu zachowania, predyspozycji do pe\u0142nienia r\u00f3l zawodowych, komunikacji i motywacji.<\/strong> Zmiana to proces. Efekt wymaga czasu. Przyroda uczy, \u017ce owoce na drzewach pojawiaj\u0105 si\u0119 jako ostatnie, jednak celem naszej wsp\u00f3\u0142pracy nie jest zbieranie. Zbiory s\u0105 dla Ciebie.<\/span><\/p>\n<p><span style=\"color: #003366;\"><strong>Ludzie s\u0105 r\u00f3\u017cni, ale przewidywalnie r\u00f3\u017cni.<\/strong> To co nas motywuje do dzia\u0142ania da si\u0119 w czytelny i prosty spos\u00f3b zdiagnozowa\u0107, a nast\u0119pnie prze\u0142o\u017cy\u0107 na<strong> strategi\u0119 wsp\u00f3\u0142pracy,<\/strong> kt\u00f3ra przynosi wymierny efekt w postaci poprawy jako\u015bci relacji z samym sob\u0105 i innymi, a przez to zwi\u0119kszenie zadowolenia z \u017cycia, do czego serdecznie zach\u0119cam. Tyle o sobie wiemy, na ile nas sprawdzono. <strong>Do\u015bwiadczenie zmienia przekonania. <\/strong><\/span><\/p>\n<p><span style=\"color: #003366;\"><strong>Wi\u0119cej informacji na narz\u0119dziu znajdziesz tu:<\/strong><\/span><\/p>\n<p><a href=\"https:\/\/effectiveness.pl\/testy-i-badania\/testy-disc-d3\/\"><span style=\"color: #003366;\"><strong>https:\/\/effectiveness.pl\/testy-i-badania\/testy-disc-d3\/<\/strong><\/span><\/a><\/p>\n<hr \/>\n<p>&nbsp;<\/p>\n<p><span style=\"color: #003366;\"><strong>OWNW (Og\u00f3lne Warunki Nast\u0119pstw Wypadk\u00f3w):<\/strong><\/span><\/p>\n<p><span style=\"color: #003366;\">1\u00a0\u00a0\u00a0\u00a0\u00a0\u00a0\u00a0\u00a0\u00a0\u00a0 Wszystko ma sw\u00f3j czas, miejsce, kolejno\u015b\u0107. Przypadek nie istnieje.<br \/>\n<\/span><\/p>\n<p><span style=\"color: #003366;\">2\u00a0\u00a0\u00a0\u00a0\u00a0\u00a0\u00a0\u00a0\u00a0\u00a0 Ufaj procesowi. Nawyk jest jak mi\u0119sie\u0144, mo\u017cna go wytrenowa\u0107.<\/span><\/p>\n<p><span style=\"color: #003366;\">3\u00a0\u00a0\u00a0\u00a0\u00a0\u00a0\u00a0\u00a0\u00a0\u00a0 Never give up. Sukces to liczba powt\u00f3rze\u0144.<br \/>\n<\/span><\/p>\n<p><span style=\"color: #003366;\">Stosuj przynajmniej jeden z trzech punkt\u00f3w.<\/span><\/p>\n<p><span style=\"color: #003366;\">Zapraszam do kontaktu<\/span><\/p>\n<p><span style=\"color: #003366;\">TEL: +48 695 995 869<\/span><\/p>\n<p><span style=\"color: #003366;\">MAIL: LUCYNA.KLIMCZAK@POCO.COM.PL<\/span><\/p>\n<p>&nbsp;<\/p>\n<h2 style=\"text-align: center;\"><\/h2>\n","protected":false},"excerpt":{"rendered":"<p>GDY NIE STYKA DIAGNOSTYKA 90-MINUTOWA konsultacja ONLINE lub face to face: feedback i om\u00f3wienie wyniku raportu, kt\u00f3ry otrzymujesz po wcze\u015bniejszym wykonaniu testu w ramach badania metod\u0105 DISC D3* CENA konsultacji: od 900 PLN (cena zawiera test metod\u0105 DISC D3, pisemny raport generowany po jego wykonaniu, materia\u0142y autorskie. lub od 500 PLN, je\u017celi wykona\u0142e\u015b test wcze\u015bniej [&hellip;]<\/p>\n","protected":false},"author":2,"featured_media":0,"parent":0,"menu_order":0,"comment_status":"closed","ping_status":"closed","template":"","meta":[],"_links":{"self":[{"href":"https:\/\/poco.com.pl\/index.php?rest_route=\/wp\/v2\/pages\/1093"}],"collection":[{"href":"https:\/\/poco.com.pl\/index.php?rest_route=\/wp\/v2\/pages"}],"about":[{"href":"https:\/\/poco.com.pl\/index.php?rest_route=\/wp\/v2\/types\/page"}],"author":[{"embeddable":true,"href":"https:\/\/poco.com.pl\/index.php?rest_route=\/wp\/v2\/users\/2"}],"replies":[{"embeddable":true,"href":"https:\/\/poco.com.pl\/index.php?rest_route=%2Fwp%2Fv2%2Fcomments&post=1093"}],"version-history":[{"count":73,"href":"https:\/\/poco.com.pl\/index.php?rest_route=\/wp\/v2\/pages\/1093\/revisions"}],"predecessor-version":[{"id":1608,"href":"https:\/\/poco.com.pl\/index.php?rest_route=\/wp\/v2\/pages\/1093\/revisions\/1608"}],"wp:attachment":[{"href":"https:\/\/poco.com.pl\/index.php?rest_route=%2Fwp%2Fv2%2Fmedia&parent=1093"}],"curies":[{"name":"wp","href":"https:\/\/api.w.org\/{rel}","templated":true}]}}