{"id":1097,"date":"2021-02-11T22:52:33","date_gmt":"2021-02-11T21:52:33","guid":{"rendered":"http:\/\/poco.com.pl\/?page_id=1097"},"modified":"2025-05-18T13:40:09","modified_gmt":"2025-05-18T11:40:09","slug":"po-co","status":"publish","type":"page","link":"https:\/\/poco.com.pl\/?page_id=1097","title":{"rendered":"PO CO?"},"content":{"rendered":"<p><span style=\"color: #003366;\"><strong>PO CO JESTEM?<\/strong><\/span><\/p>\n<p><span style=\"color: #003366;\"><a style=\"color: #003366;\" href=\"https:\/\/poco.com.pl\/wp-content\/uploads\/2021\/02\/IMG_7631-e1613673366493.jpg\"><img decoding=\"async\" loading=\"lazy\" class=\"wp-image-1049 alignright\" src=\"https:\/\/poco.com.pl\/wp-content\/uploads\/2021\/02\/IMG_7631-e1613673366493.jpg\" alt=\"\" width=\"740\" height=\"860\" srcset=\"https:\/\/poco.com.pl\/wp-content\/uploads\/2021\/02\/IMG_7631-e1613673366493.jpg 427w, https:\/\/poco.com.pl\/wp-content\/uploads\/2021\/02\/IMG_7631-e1613673366493-258x300.jpg 258w\" sizes=\"(max-width: 740px) 100vw, 740px\" \/><\/a><\/span><\/p>\n<p><span style=\"color: #003366;\">Jestem po to, by w pe\u0142ni odkry\u0107 Tw\u00f3j<span style=\"color: #008000;\"> <b>P<\/b><\/span>otencja\u0142. By Ci\u0119 w nim umocni\u0107 i zamieni\u0107 strach na ciekawo\u015b\u0107.<\/span><\/p>\n<p><span style=\"color: #003366;\">By\u015b my\u015bl\u0105c nieszablonowo otworzy\u0142 si\u0119 na nowe<span style=\"color: #008000;\"> <b>O<\/b><\/span>pcje, kt\u00f3re poprowadz\u0105 Ci\u0119 do zmiany, kt\u00f3rej pragniesz.<\/span><\/p>\n<p><span style=\"color: #003366;\">B\u0119d\u0119 Ci\u0119 s\u0142ucha\u0107 i wnikliwie dopytywa\u0107, by wydoby\u0107 PRAWD\u0118, to co chcesz osi\u0105gn\u0105\u0107 i przed czym chcesz si\u0119 zabezpieczy\u0107.<\/span><\/p>\n<p><span style=\"color: #003366;\">Zale\u017cy mi na tym, by Twoje <span style=\"color: #008000;\"><b>C<\/b><\/span>ele by\u0142y doprecyzowane, by\u015b wiedzia\u0142 czego na prawd\u0119 chcesz w rozumieniu efektu Twoich dzia\u0142a\u0144.<br \/>\n<\/span><\/p>\n<p><span style=\"color: #003366;\">Dodam Ci wiary, bo to silny czynnik zmiany.<\/span><\/p>\n<p><span style=\"color: #003366;\">Pomog\u0119 przekszta\u0142ci\u0107 marzenia w rzeczywisto\u015b\u0107, wspieraj\u0105c Ci\u0119 szczerymi, bezpo\u015brednimi pytaniami.<\/span><\/p>\n<p><span style=\"color: #003366;\">Jasno powiem, jak widz\u0119 to jakie nowe nawyki potrzebujesz wytrenowa\u0107 i z czego powiniene\u015b zrezygnowa\u0107, bo ci nie s\u0142u\u017cy.<\/span><\/p>\n<p><span style=\"color: #003366;\">Jestem po to, by\u015b m\u00f3g\u0142 dokona\u0107 g\u0142o\u015bnego wgl\u0105du w siebie, by\u015b da\u0142 sobie szans\u0119 na lepsz\u0105 jako\u015b\u0107 \u017cycia poprzez zrozumienie swojego Ja i otoczenia. <\/span><\/p>\n<p><span style=\"color: #003366;\">Na Twoich warunkach, w oparciu o Twoje zaanga\u017cowanie,dbaj\u0105c o to by Twoje warto\u015bci by\u0142y zaspokojone,\u00a0 dam Ci impuls do pouk\u0142adania puzzli \u017cycia na nowo.<\/span><\/p>\n<p><span style=\"color: #003366;\">Celem naszego spotkania jest zrozumienie siebie i umacnianie si\u0119 w przyja\u017ani z samym sob\u0105, akceptacja i <span style=\"color: #008000;\"><b>O<\/b><\/span>dpowiedzialno\u015b\u0107.<\/span><\/p>\n<p><span style=\"color: #003366;\">Dostaniesz te\u017c serwis. Chcia\u0142abym da\u0107 gwarancj\u0119, ale to by\u0142oby nieuczciwe.<\/span><\/p>\n","protected":false},"excerpt":{"rendered":"<p>PO CO JESTEM? Jestem po to, by w pe\u0142ni odkry\u0107 Tw\u00f3j Potencja\u0142. By Ci\u0119 w nim umocni\u0107 i zamieni\u0107 strach na ciekawo\u015b\u0107. By\u015b my\u015bl\u0105c nieszablonowo otworzy\u0142 si\u0119 na nowe Opcje, kt\u00f3re poprowadz\u0105 Ci\u0119 do zmiany, kt\u00f3rej pragniesz. B\u0119d\u0119 Ci\u0119 s\u0142ucha\u0107 i wnikliwie dopytywa\u0107, by wydoby\u0107 PRAWD\u0118, to co chcesz osi\u0105gn\u0105\u0107 i przed czym chcesz si\u0119 [&hellip;]<\/p>\n","protected":false},"author":2,"featured_media":0,"parent":0,"menu_order":0,"comment_status":"closed","ping_status":"closed","template":"","meta":[],"_links":{"self":[{"href":"https:\/\/poco.com.pl\/index.php?rest_route=\/wp\/v2\/pages\/1097"}],"collection":[{"href":"https:\/\/poco.com.pl\/index.php?rest_route=\/wp\/v2\/pages"}],"about":[{"href":"https:\/\/poco.com.pl\/index.php?rest_route=\/wp\/v2\/types\/page"}],"author":[{"embeddable":true,"href":"https:\/\/poco.com.pl\/index.php?rest_route=\/wp\/v2\/users\/2"}],"replies":[{"embeddable":true,"href":"https:\/\/poco.com.pl\/index.php?rest_route=%2Fwp%2Fv2%2Fcomments&post=1097"}],"version-history":[{"count":14,"href":"https:\/\/poco.com.pl\/index.php?rest_route=\/wp\/v2\/pages\/1097\/revisions"}],"predecessor-version":[{"id":1591,"href":"https:\/\/poco.com.pl\/index.php?rest_route=\/wp\/v2\/pages\/1097\/revisions\/1591"}],"wp:attachment":[{"href":"https:\/\/poco.com.pl\/index.php?rest_route=%2Fwp%2Fv2%2Fmedia&parent=1097"}],"curies":[{"name":"wp","href":"https:\/\/api.w.org\/{rel}","templated":true}]}}