{"id":1109,"date":"2021-02-11T23:22:40","date_gmt":"2021-02-11T22:22:40","guid":{"rendered":"http:\/\/poco.com.pl\/?page_id=1109"},"modified":"2025-05-16T12:06:14","modified_gmt":"2025-05-16T10:06:14","slug":"o-tobie","status":"publish","type":"page","link":"https:\/\/poco.com.pl\/?page_id=1109","title":{"rendered":"O TOBIE"},"content":{"rendered":"<p><span style=\"color: #003366;\"><b>O<\/b> <b>TOBIE <\/b><b>\u2013 kim jeste\u015b?<a style=\"color: #003366;\" href=\"http:\/\/poco.com.pl\/wp-content\/uploads\/2015\/11\/oto1.jpg\"><img decoding=\"async\" loading=\"lazy\" class=\"wp-image-26 size-full alignright\" src=\"http:\/\/poco.com.pl\/wp-content\/uploads\/2015\/11\/oto1-e1613089180838.jpg\" alt=\"\" width=\"826\" height=\"879\" srcset=\"https:\/\/poco.com.pl\/wp-content\/uploads\/2015\/11\/oto1-e1613089180838.jpg 826w, https:\/\/poco.com.pl\/wp-content\/uploads\/2015\/11\/oto1-e1613089180838-282x300.jpg 282w, https:\/\/poco.com.pl\/wp-content\/uploads\/2015\/11\/oto1-e1613089180838-768x817.jpg 768w\" sizes=\"(max-width: 826px) 100vw, 826px\" \/><\/a><\/b><\/span><\/p>\n<p>&nbsp;<\/p>\n<p><span style=\"color: #003366;\">Od Ciebie wszystko si\u0119 zaczyna.<\/span><\/p>\n<p><span style=\"color: #003366;\">Jeste\u015b tu. To wystarczaj\u0105co du\u017co o Tobie.<\/span><\/p>\n<p><span style=\"color: #003366;\">Je\u015bli jeste\u015b tu i czego\u015b szukasz, to o Tobie jeszcze wi\u0119cej.<\/span><\/p>\n<p><span style=\"color: #003366;\">Zatem, czego szukasz&#8230; i po co&#8230;?<\/span><\/p>\n<p><span style=\"color: #003366;\">Wiesz?<\/span><\/p>\n<p><span style=\"color: #003366;\">To, bardzo dobrze, mo\u017cesz zacz\u0105\u0107 podr\u00f3\u017c w g\u0142\u0105b siebie.<\/span><\/p>\n<p><span style=\"color: #003366;\">Wzruszasz ramionami i nie znajdujesz satysfakcjonuj\u0105cej Ci\u0119 odpowiedzi?<\/span><\/p>\n<p><span style=\"color: #003366;\">Daj sobie czas.<\/span><\/p>\n<p><span style=\"color: #003366;\">Odpowied\u017a przyjdzie sama.<\/span><\/p>\n<p><span style=\"color: #003366;\">Przypadek nie istnieje.<\/span><\/p>\n<p><span style=\"color: #003366;\">Koniec jest pocz\u0105tkiem.<\/span><\/p>\n<p><span style=\"color: #003366;\">Szcz\u0119\u015bcie to zawsze tylko efekt uboczny.<\/span><\/p>\n<p><span style=\"color: #003366;\">Jeste\u015b tym, czego pragniesz.<\/span><\/p>\n<p>&nbsp;<\/p>\n","protected":false},"excerpt":{"rendered":"<p>O TOBIE \u2013 kim jeste\u015b? &nbsp; Od Ciebie wszystko si\u0119 zaczyna. Jeste\u015b tu. To wystarczaj\u0105co du\u017co o Tobie. Je\u015bli jeste\u015b tu i czego\u015b szukasz, to o Tobie jeszcze wi\u0119cej. Zatem, czego szukasz&#8230; i po co&#8230;? Wiesz? To, bardzo dobrze, mo\u017cesz zacz\u0105\u0107 podr\u00f3\u017c w g\u0142\u0105b siebie. Wzruszasz ramionami i nie znajdujesz satysfakcjonuj\u0105cej Ci\u0119 odpowiedzi? Daj sobie [&hellip;]<\/p>\n","protected":false},"author":2,"featured_media":0,"parent":0,"menu_order":0,"comment_status":"closed","ping_status":"closed","template":"","meta":[],"_links":{"self":[{"href":"https:\/\/poco.com.pl\/index.php?rest_route=\/wp\/v2\/pages\/1109"}],"collection":[{"href":"https:\/\/poco.com.pl\/index.php?rest_route=\/wp\/v2\/pages"}],"about":[{"href":"https:\/\/poco.com.pl\/index.php?rest_route=\/wp\/v2\/types\/page"}],"author":[{"embeddable":true,"href":"https:\/\/poco.com.pl\/index.php?rest_route=\/wp\/v2\/users\/2"}],"replies":[{"embeddable":true,"href":"https:\/\/poco.com.pl\/index.php?rest_route=%2Fwp%2Fv2%2Fcomments&post=1109"}],"version-history":[{"count":13,"href":"https:\/\/poco.com.pl\/index.php?rest_route=\/wp\/v2\/pages\/1109\/revisions"}],"predecessor-version":[{"id":1449,"href":"https:\/\/poco.com.pl\/index.php?rest_route=\/wp\/v2\/pages\/1109\/revisions\/1449"}],"wp:attachment":[{"href":"https:\/\/poco.com.pl\/index.php?rest_route=%2Fwp%2Fv2%2Fmedia&parent=1109"}],"curies":[{"name":"wp","href":"https:\/\/api.w.org\/{rel}","templated":true}]}}