{"id":1116,"date":"2021-02-11T23:26:44","date_gmt":"2021-02-11T22:26:44","guid":{"rendered":"http:\/\/poco.com.pl\/?page_id=1116"},"modified":"2025-05-19T15:29:58","modified_gmt":"2025-05-19T13:29:58","slug":"home","status":"publish","type":"page","link":"https:\/\/poco.com.pl\/","title":{"rendered":"HOME"},"content":{"rendered":"<p><a href=\"https:\/\/poco.com.pl\/wp-content\/uploads\/2021\/02\/BANER.jpg\"><img decoding=\"async\" loading=\"lazy\" class=\"alignnone wp-image-1117\" src=\"https:\/\/poco.com.pl\/wp-content\/uploads\/2021\/02\/BANER.jpg\" alt=\"\" width=\"1894\" height=\"632\" srcset=\"https:\/\/poco.com.pl\/wp-content\/uploads\/2021\/02\/BANER.jpg 1600w, https:\/\/poco.com.pl\/wp-content\/uploads\/2021\/02\/BANER-300x100.jpg 300w, https:\/\/poco.com.pl\/wp-content\/uploads\/2021\/02\/BANER-1024x342.jpg 1024w, https:\/\/poco.com.pl\/wp-content\/uploads\/2021\/02\/BANER-768x256.jpg 768w, https:\/\/poco.com.pl\/wp-content\/uploads\/2021\/02\/BANER-1536x513.jpg 1536w\" sizes=\"(max-width: 1894px) 100vw, 1894px\" \/><\/a><\/p>\n<p style=\"text-align: center;\"><span style=\"color: #003366;\"> <a href=\"https:\/\/poco.com.pl\/wp-content\/uploads\/2025\/05\/iam.png\"><img decoding=\"async\" loading=\"lazy\" class=\" wp-image-1606 aligncenter\" src=\"https:\/\/poco.com.pl\/wp-content\/uploads\/2025\/05\/iam.png\" alt=\"\" width=\"660\" height=\"700\" srcset=\"https:\/\/poco.com.pl\/wp-content\/uploads\/2025\/05\/iam.png 796w, https:\/\/poco.com.pl\/wp-content\/uploads\/2025\/05\/iam-283x300.png 283w, https:\/\/poco.com.pl\/wp-content\/uploads\/2025\/05\/iam-768x814.png 768w\" sizes=\"(max-width: 660px) 100vw, 660px\" \/><\/a>Droga do zmiany zaczyna si\u0119, kiedy otwierasz drzwi.<\/span><\/p>\n<p style=\"text-align: center;\"><span style=\"color: #003366;\">A te, bywaj\u0105 r\u00f3\u017cne. <\/span><\/p>\n<p style=\"text-align: center;\"><span style=\"color: #003366;\">Szukasz osoby, kt\u00f3ra mo\u017ce odmieni\u0107 Twoje \u017cycie?<\/span><\/p>\n<p style=\"text-align: center;\"><span style=\"color: #003366;\"> Sp\u00f3jrz w lustro.<\/span><\/p>\n<h4 style=\"text-align: center;\"><span style=\"color: #003366;\">NIE TERAZ?<\/span><\/h4>\n<h4 style=\"text-align: center;\"><span style=\"color: #003366;\"> TO KIEDY?<\/span><\/h4>\n<h3 style=\"text-align: center;\"><span style=\"color: #003366;\">WYPO\u017bYCZ SOBIE CO-DZIENNIK<br \/>\n<\/span><\/h3>\n<h2 style=\"text-align: center;\"><a href=\"https:\/\/poco.com.pl\/wp-content\/uploads\/2021\/03\/POBIERZ-SOBIE-CO-DZIENNIK.pdf\"><span style=\"color: #008000;\"><strong>KLIKNIJ <\/strong><\/span><\/a><\/h2>\n<p style=\"text-align: center;\"><span style=\"color: #003366;\"><a style=\"color: #003366;\" href=\"http:\/\/poco.com.pl\/wp-content\/uploads\/2021\/02\/IMG_6864_5c028e83891b7.png\"><img decoding=\"async\" loading=\"lazy\" class=\"wp-image-1220 size-full\" src=\"https:\/\/poco.com.pl\/wp-content\/uploads\/2021\/02\/IMG_6864_5c028e83891b7.png\" alt=\"\" width=\"480\" height=\"672\" srcset=\"https:\/\/poco.com.pl\/wp-content\/uploads\/2021\/02\/IMG_6864_5c028e83891b7.png 480w, https:\/\/poco.com.pl\/wp-content\/uploads\/2021\/02\/IMG_6864_5c028e83891b7-214x300.png 214w\" sizes=\"(max-width: 480px) 100vw, 480px\" \/><\/a><\/span><\/p>\n<h3 style=\"text-align: center;\"><span style=\"color: #003366;\">POBIERZ U:RYWKI<\/span><\/h3>\n<h2 style=\"text-align: center;\"><a href=\"https:\/\/poco.com.pl\/wp-content\/uploads\/2021\/03\/RYWKI.pdf\"><span style=\"color: #008000;\">\u00a0KLIKNIJ <\/span><\/a><\/h2>\n<h2><span style=\"color: #003366;\"><a style=\"color: #003366;\" href=\"https:\/\/poco.com.pl\/wp-content\/uploads\/2021\/02\/0001.jpg\"><img decoding=\"async\" loading=\"lazy\" class=\"alignnone wp-image-1233 aligncenter\" src=\"https:\/\/poco.com.pl\/wp-content\/uploads\/2021\/02\/0001-716x1024.jpg\" alt=\"\" width=\"485\" height=\"693\" srcset=\"https:\/\/poco.com.pl\/wp-content\/uploads\/2021\/02\/0001-716x1024.jpg 716w, https:\/\/poco.com.pl\/wp-content\/uploads\/2021\/02\/0001-210x300.jpg 210w, https:\/\/poco.com.pl\/wp-content\/uploads\/2021\/02\/0001-768x1098.jpg 768w, https:\/\/poco.com.pl\/wp-content\/uploads\/2021\/02\/0001-1074x1536.jpg 1074w, https:\/\/poco.com.pl\/wp-content\/uploads\/2021\/02\/0001-1432x2048.jpg 1432w, https:\/\/poco.com.pl\/wp-content\/uploads\/2021\/02\/0001.jpg 1730w\" sizes=\"(max-width: 485px) 100vw, 485px\" \/><\/a><\/span><\/h2>\n","protected":false},"excerpt":{"rendered":"<p>Droga do zmiany zaczyna si\u0119, kiedy otwierasz drzwi. A te, bywaj\u0105 r\u00f3\u017cne. Szukasz osoby, kt\u00f3ra mo\u017ce odmieni\u0107 Twoje \u017cycie? Sp\u00f3jrz w lustro. NIE TERAZ? TO KIEDY? WYPO\u017bYCZ SOBIE CO-DZIENNIK KLIKNIJ POBIERZ U:RYWKI \u00a0KLIKNIJ<\/p>\n","protected":false},"author":2,"featured_media":0,"parent":0,"menu_order":0,"comment_status":"closed","ping_status":"closed","template":"","meta":[],"_links":{"self":[{"href":"https:\/\/poco.com.pl\/index.php?rest_route=\/wp\/v2\/pages\/1116"}],"collection":[{"href":"https:\/\/poco.com.pl\/index.php?rest_route=\/wp\/v2\/pages"}],"about":[{"href":"https:\/\/poco.com.pl\/index.php?rest_route=\/wp\/v2\/types\/page"}],"author":[{"embeddable":true,"href":"https:\/\/poco.com.pl\/index.php?rest_route=\/wp\/v2\/users\/2"}],"replies":[{"embeddable":true,"href":"https:\/\/poco.com.pl\/index.php?rest_route=%2Fwp%2Fv2%2Fcomments&post=1116"}],"version-history":[{"count":56,"href":"https:\/\/poco.com.pl\/index.php?rest_route=\/wp\/v2\/pages\/1116\/revisions"}],"predecessor-version":[{"id":1607,"href":"https:\/\/poco.com.pl\/index.php?rest_route=\/wp\/v2\/pages\/1116\/revisions\/1607"}],"wp:attachment":[{"href":"https:\/\/poco.com.pl\/index.php?rest_route=%2Fwp%2Fv2%2Fmedia&parent=1116"}],"curies":[{"name":"wp","href":"https:\/\/api.w.org\/{rel}","templated":true}]}}