{"id":1121,"date":"2021-02-11T23:46:53","date_gmt":"2021-02-11T22:46:53","guid":{"rendered":"http:\/\/poco.com.pl\/?page_id=1121"},"modified":"2025-05-20T11:17:48","modified_gmt":"2025-05-20T09:17:48","slug":"o-mnie","status":"publish","type":"page","link":"https:\/\/poco.com.pl\/?page_id=1121","title":{"rendered":"o mnie"},"content":{"rendered":"<p style=\"padding-left: 40px;\"><span style=\"color: #003366;\"><a style=\"color: #003366;\" href=\"http:\/\/poco.com.pl\/wp-content\/uploads\/2021\/02\/woda.jpg\"><b>O MNIE \u2013 <\/b><\/a><a style=\"color: #003366;\" href=\"http:\/\/poco.com.pl\/wp-content\/uploads\/2021\/02\/woda.jpg\"><b>KIM JESTEM<\/b><b>?<\/b><\/a><a href=\"http:\/\/poco.com.pl\/wp-content\/uploads\/2021\/02\/woda.jpg\"><img decoding=\"async\" loading=\"lazy\" class=\"wp-image-1166 size-full alignright\" src=\"https:\/\/poco.com.pl\/wp-content\/uploads\/2021\/02\/woda.jpg\" alt=\"\" width=\"1080\" height=\"714\" srcset=\"https:\/\/poco.com.pl\/wp-content\/uploads\/2021\/02\/woda.jpg 1080w, https:\/\/poco.com.pl\/wp-content\/uploads\/2021\/02\/woda-300x198.jpg 300w, https:\/\/poco.com.pl\/wp-content\/uploads\/2021\/02\/woda-1024x677.jpg 1024w, https:\/\/poco.com.pl\/wp-content\/uploads\/2021\/02\/woda-768x508.jpg 768w\" sizes=\"(max-width: 1080px) 100vw, 1080px\" \/><\/a><\/span><\/p>\n<p style=\"padding-left: 40px;\"><span style=\"color: #003366;\"><strong>Dzie\u0144 dobry<\/strong><\/span><\/p>\n<p style=\"padding-left: 40px;\"><span style=\"color: #003366;\">Nazywam si\u0119 <strong>Lucyna Klimczak.<\/strong> W \u017cyciu osobistym i zawodowym kieruj\u0119 si\u0119 przekonaniem, \u017ce mamy w nim tyle, na ile starcza nam odwagi. \u00a0<\/span><\/p>\n<p style=\"padding-left: 40px;\"><span style=\"color: #003366;\">Z mi\u0142o\u015bci do ludzi celem mojej trwaj\u0105cej ju\u017c ponad 10 lat praktyki coachingowej uczyni\u0142am wp\u0142yw na wzrost ich osobistej <\/span><strong><span style=\"color: #003366;\">MOCY, <\/span><\/strong><span style=\"color: #003366;\">widoczny w poprawie jako\u015bci komunikacji a przez to zwi\u0105zk\u00f3w, relacji, finans\u00f3w, zdrowia.<\/span><\/p>\n<p><span style=\"color: #003366;\">W zasadzie w tej zak\u0142adce powiniene\u015b przeczyta\u0107 fakty na m\u00f3j temat oraz infomacje o certyfikatach, uko\u0144czonych szko\u0142ach, kursach&#8230; Konwencjonalne i profesjonalne podej\u015bcie do reklamy, a tym samym zaserwowanych tutaj tre\u015bci, powinno wywo\u0142a\u0107 w Tobie po\u017c\u0105dan\u0105 gotowo\u015b\u0107 do kontaktu ze mn\u0105 i prze\u015bwiadczenie, \u017ce w\u0142a\u015bnie znalaz\u0142e\u015b fachowca, kt\u00f3ry by\u0107 mo\u017ce zna odpowiedzi na nurtuj\u0105ce Ci\u0119 pytania. Odpowiednie wzmocnienie <strong>CALL TO ACTION<\/strong> i mam Ci\u0119.<\/span><\/p>\n<p><span style=\"color: #003366;\">Nic z tego. Rozczaruj\u0119 Ci\u0119 i prawdopodobnie zniech\u0119c\u0119 brakiem precyzyjnie skrojonych tre\u015bci, do kt\u00f3rych przywyk\u0142e\u015b, takich, kt\u00f3re mo\u017cna w prosty spos\u00f3b zaklasyfikowa\u0107, podda\u0107 szybkiej, szablonowej obr\u00f3bce, by u\u0142atwi\u0107 Ci podj\u0119cie decyzji.<\/span><br \/>\n<span style=\"color: #003366;\">Kim i jaka jestem, zawsze pozostaje wt\u00f3rne wobec Twoich potrzeb i Twojej przemiany.<\/span><\/p>\n<p><span style=\"color: #003366;\">Specjalizuj\u0119 si\u0119 w przypadkach zawi\u0142ych i trudnych. Dostarczam u\u017cyteczne, proste, autorskie narz\u0119dzia umo\u017cliwiaj\u0105ce rozpocz\u0119cie procesu zmiany. Koncentruj\u0119 si\u0119 na praktycznym aspekcie rozwi\u0105za\u0144, s\u0142u\u017c\u0105cych realnemu rozwojowi i\u00a0 transformacji. Pracuj\u0119 technikami psychosomatycznymi i coachingowymi (zw\u0142aszcza w nurcie prowokatywnym). Wychodz\u0119 poza scenariusz, jestem nieuleczalnie pozytywne nastawiona do \u017cycia i\u00a0 instynktownie zauwa\u017cam to, co w ludziach prawdziwe i najlepsze. Prowadz\u0105c proces czerpi\u0119 ze zg\u0142\u0119bianej przeze mnie wiedzy neuropsychologicznej, wedyjskiej, tantrycznej, jogicznej. Wykorzystuj\u0119 do\u015bwiadczenia zawodowe w roli managera, sprzedawcy i przedsi\u0119biorcy. <\/span><span style=\"color: #003366;\">Przemawia za mn\u0105 profesjonalizm, a trosce o Tw\u00f3j wzrost i bezpiecze\u0144stwo towarzyszy potrzeba zapewnienia jako\u015bci i skuteczno\u015bci.<\/span><\/p>\n<p><span style=\"color: #003366;\">Cho\u0107 jestem tylko refleksj\u0105 stanu \u015bwiadomo\u015bci innych, w pewnym momencie poczujesz kim jestem.<\/span><\/p>\n<p><span style=\"color: #003366;\">W szczeg\u00f3lny spos\u00f3b s\u0142u\u017c\u0119 tym, kt\u00f3rzy maj\u0105 odwag\u0119 pod\u0105\u017ca\u0107 marzeniem. To trudna droga, ale kiedy przestajesz pod\u0105\u017ca\u0107 za pasj\u0105 tracisz wolno\u015b\u0107 i\u00a0 umierasz za \u017cycia.<\/span><\/p>\n<p><span style=\"color: #003366;\">Najbardziej lubi\u0119 zadawa\u0107 pytania, kt\u00f3rych jeszcze nikt nie zada\u0142 i to nie jest najgorsze co mo\u017ce Ci\u0119 spotka\u0107.<\/span><\/p>\n<p><span style=\"color: #003366;\">Interesuje mnie sprzeczno\u015b\u0107, kt\u00f3ra w Tobie jest.<\/span><\/p>\n<p><span style=\"color: #003366;\">Tam gdzie inni ko\u0144cz\u0105, ja zwyk\u0142am dopiero zaczyna\u0107. <\/span><\/p>\n<p><span style=\"color: #003366;\">B\u0118DZIE PRAWDZIWIE. a, \u017ce prawda jest zwykle brzydka, st\u0105d nie obiecuj\u0119, \u017ce b\u0119dzie prosto. <\/span><span style=\"color: #003366;\">Co wi\u0119cej nie zawsze b\u0119dzie mi\u0142o. (Powinnam raczej napisa\u0107: nie zawsze b\u0119dzie niemi\u0142o:).<\/span><\/p>\n<p><span style=\"color: #003366;\">Ka\u017cda podr\u00f3\u017c, ta w g\u0142\u0105b siebie r\u00f3wnie\u017c, zaczyna si\u0119 od wytyczenia kierunku i postawienia pierwszego kroku.<\/span><\/p>\n<p><span style=\"color: #003366;\">Zapraszam,<\/span><\/p>\n<p><span style=\"color: #003366;\">SAT NAM<\/span><\/p>\n<p><span style=\"color: #003366;\">IU.<\/span><span style=\"color: #003366;\"><a style=\"color: #003366;\" href=\"http:\/\/poco.com.pl\/wp-content\/uploads\/2021\/02\/IMG_0057-1-scaled.jpg\"><img decoding=\"async\" loading=\"lazy\" class=\"alignleft wp-image-1163 size-full\" src=\"https:\/\/poco.com.pl\/wp-content\/uploads\/2021\/02\/IMG_0057-1-scaled.jpg\" alt=\"\" width=\"2560\" height=\"1400\" srcset=\"https:\/\/poco.com.pl\/wp-content\/uploads\/2021\/02\/IMG_0057-1-scaled.jpg 2560w, https:\/\/poco.com.pl\/wp-content\/uploads\/2021\/02\/IMG_0057-1-300x164.jpg 300w, https:\/\/poco.com.pl\/wp-content\/uploads\/2021\/02\/IMG_0057-1-1024x560.jpg 1024w, https:\/\/poco.com.pl\/wp-content\/uploads\/2021\/02\/IMG_0057-1-768x420.jpg 768w, https:\/\/poco.com.pl\/wp-content\/uploads\/2021\/02\/IMG_0057-1-1536x840.jpg 1536w, https:\/\/poco.com.pl\/wp-content\/uploads\/2021\/02\/IMG_0057-1-2048x1120.jpg 2048w\" sizes=\"(max-width: 2560px) 100vw, 2560px\" \/><\/a><\/span><\/p>\n<p>&nbsp;<\/p>\n<p>&nbsp;<\/p>\n<p>&nbsp;<\/p>\n<p>&nbsp;<\/p>\n","protected":false},"excerpt":{"rendered":"<p>O MNIE \u2013 KIM JESTEM? Dzie\u0144 dobry Nazywam si\u0119 Lucyna Klimczak. W \u017cyciu osobistym i zawodowym kieruj\u0119 si\u0119 przekonaniem, \u017ce mamy w nim tyle, na ile starcza nam odwagi. \u00a0 Z mi\u0142o\u015bci do ludzi celem mojej trwaj\u0105cej ju\u017c ponad 10 lat praktyki coachingowej uczyni\u0142am wp\u0142yw na wzrost ich osobistej MOCY, widoczny w poprawie jako\u015bci komunikacji [&hellip;]<\/p>\n","protected":false},"author":2,"featured_media":0,"parent":0,"menu_order":0,"comment_status":"closed","ping_status":"closed","template":"","meta":[],"_links":{"self":[{"href":"https:\/\/poco.com.pl\/index.php?rest_route=\/wp\/v2\/pages\/1121"}],"collection":[{"href":"https:\/\/poco.com.pl\/index.php?rest_route=\/wp\/v2\/pages"}],"about":[{"href":"https:\/\/poco.com.pl\/index.php?rest_route=\/wp\/v2\/types\/page"}],"author":[{"embeddable":true,"href":"https:\/\/poco.com.pl\/index.php?rest_route=\/wp\/v2\/users\/2"}],"replies":[{"embeddable":true,"href":"https:\/\/poco.com.pl\/index.php?rest_route=%2Fwp%2Fv2%2Fcomments&post=1121"}],"version-history":[{"count":29,"href":"https:\/\/poco.com.pl\/index.php?rest_route=\/wp\/v2\/pages\/1121\/revisions"}],"predecessor-version":[{"id":1615,"href":"https:\/\/poco.com.pl\/index.php?rest_route=\/wp\/v2\/pages\/1121\/revisions\/1615"}],"wp:attachment":[{"href":"https:\/\/poco.com.pl\/index.php?rest_route=%2Fwp%2Fv2%2Fmedia&parent=1121"}],"curies":[{"name":"wp","href":"https:\/\/api.w.org\/{rel}","templated":true}]}}